{"id":1069,"date":"2022-12-21T17:58:46","date_gmt":"2022-12-21T16:58:46","guid":{"rendered":"https:\/\/ramirogp.com\/?page_id=1069"},"modified":"2022-12-22T21:46:12","modified_gmt":"2022-12-22T20:46:12","slug":"inicio","status":"publish","type":"page","link":"https:\/\/ramirogp.com\/","title":{"rendered":"Inicio"},"content":{"rendered":"\n<div class=\"wp-block-uagb-container uag-hide-mob uagb-block-768f534f alignfull uagb-is-root-container\"><div class=\"uagb-container-inner-blocks-wrap\">\n<div class=\"wp-block-uagb-advanced-heading uagb-block-93b76390 uag-hide-mob\"><h6 class=\"uagb-heading-text\">METODOLOG\u00cdA BIM<br>Y TRATAMIENTO DE METADatos<br>EN ENTORNOS HIPERREALISTAS\u200b<\/h6><\/div>\n<\/div><\/div>\n\n\n\n<div class=\"wp-block-uagb-container uag-hide-desktop uag-hide-tab uagb-block-5a5b6e77 alignfull uagb-is-root-container\"><div class=\"uagb-container-inner-blocks-wrap\">\n<div class=\"wp-block-uagb-advanced-heading uagb-block-6e5a66ce\"><h6 class=\"uagb-heading-text\">METODOLOG\u00cdA BIM<br>Y TRATAMIENTO DE METADatos<br>EN ENTORNOS HIPERREALISTAS\u200b<\/h6><\/div>\n<\/div><\/div>\n\n\n\n<div class=\"wp-block-uagb-container uagb-block-95ac50f7 alignfull uagb-is-root-container\"><div class=\"uagb-container-inner-blocks-wrap\">\n<div class=\"wp-block-uagb-container uagb-block-5b163dc0\">\n<div class=\"wp-block-uagb-info-box uagb-block-63a38f9e uagb-infobox__content-wrap  uagb-infobox-icon-above-title uagb-infobox-image-valign-top\"><div class=\"uagb-ifb-content\"><div class=\"uagb-ifb-image-content\"><img decoding=\"async\" src=\"https:\/\/ramirogp.com\/wp-content\/uploads\/2022\/12\/BannerServicios2.jpg\" alt=\"\" width=\"100\" height=\"122\" loading=\"lazy\"\/><\/div><div class=\"uagb-ifb-title-wrap\"><h4 class=\"uagb-ifb-title\"><a href=\"https:\/\/ramirogp.com\/?page_id=1127\" data-type=\"URL\" data-id=\"https:\/\/ramirogp.com\/?page_id=1127\">Renders Interactivos<\/a><\/h4><\/div><p class=\"uagb-ifb-desc\">A partir de los planos del proyecto se crea un modelo 3D, que al introducirlo en el motor gr\u00e1fico (UE5), nos da opciones diversas para hacer con \u00e9l. Desde fotograf\u00edas y v\u00eddeos a aplicaciones interactivas, que ofrecen al usuario la capacidad de moverse por el entorno y explorar el proyecto a su antojo.<br><br><br><br><br><\/p><div class=\"uagb-ifb-button-wrapper wp-block-button\"><a href=\"https:\/\/ramirogp.com\/?page_id=1551\" class=\"uagb-infobox-cta-link wp-block-button__link\" target=\"_blank\" rel=\"noopener noreferrer\" alt=\"\"><span class=\"uagb-inline-editing\">Leer m\u00e1s<\/span><svg xmlns=\"https:\/\/www.w3.org\/2000\/svg\" viewBox=\"0 0 512 512\"><path d=\"M504.3 273.6l-112.1 104c-6.992 6.484-17.18 8.218-25.94 4.406c-8.758-3.812-14.42-12.45-14.42-21.1L351.9 288H32C14.33 288 .0002 273.7 .0002 255.1S14.33 224 32 224h319.9l0-72c0-9.547 5.66-18.19 14.42-22c8.754-3.809 18.95-2.075 25.94 4.41l112.1 104C514.6 247.9 514.6 264.1 504.3 273.6z\"><\/path><\/svg><\/a><\/div><\/div><\/div>\n<\/div>\n\n\n\n<div class=\"wp-block-uagb-container uagb-block-2d2d1257\">\n<div class=\"wp-block-uagb-info-box uagb-block-3b2c0278 uagb-infobox__content-wrap  uagb-infobox-icon-above-title uagb-infobox-image-valign-top\"><div class=\"uagb-ifb-content\"><div class=\"uagb-ifb-image-content\"><img decoding=\"async\" src=\"https:\/\/ramirogp.com\/wp-content\/uploads\/2022\/12\/BannerServicios3.jpg\" alt=\"\" width=\"100\" height=\"122\" loading=\"lazy\"\/><\/div><div class=\"uagb-ifb-title-wrap\"><h4 class=\"uagb-ifb-title\"><a href=\"https:\/\/ramirogp.com\/?page_id=1127\" data-type=\"URL\" data-id=\"https:\/\/ramirogp.com\/?page_id=1127\">Visualizaci\u00f3n de metadatos<\/a><\/h4><\/div><p class=\"uagb-ifb-desc\">Gracias a Unreal Datasmith (conjunto de herramientas en forma de plugin para Unreal Engine que hace m\u00e1s eficiente el proceso de importar y manipular datos de m\u00faltiples fuentes de CAD \/ DCC), es posible leer los metadatos de archivos CAD.<br>Si programamos una base de datos e implementamos una interfaz es posible interactuar con los metadatos en un entorno hiperrealista.<br><br><\/p><div class=\"uagb-ifb-button-wrapper wp-block-button\"><a href=\"https:\/\/ramirogp.com\/?page_id=1553\" class=\"uagb-infobox-cta-link wp-block-button__link\" target=\"_self\" rel=\"noopener noreferrer\" alt=\"\"><span class=\"uagb-inline-editing\">Leer m\u00e1s<\/span><svg xmlns=\"https:\/\/www.w3.org\/2000\/svg\" viewBox=\"0 0 512 512\"><path d=\"M504.3 273.6l-112.1 104c-6.992 6.484-17.18 8.218-25.94 4.406c-8.758-3.812-14.42-12.45-14.42-21.1L351.9 288H32C14.33 288 .0002 273.7 .0002 255.1S14.33 224 32 224h319.9l0-72c0-9.547 5.66-18.19 14.42-22c8.754-3.809 18.95-2.075 25.94 4.41l112.1 104C514.6 247.9 514.6 264.1 504.3 273.6z\"><\/path><\/svg><\/a><\/div><\/div><\/div>\n<\/div>\n\n\n\n<div class=\"wp-block-uagb-container uagb-block-953c1446\">\n<div class=\"wp-block-uagb-info-box uagb-block-59415201 uagb-infobox__content-wrap  uagb-infobox-icon-above-title uagb-infobox-image-valign-top\"><div class=\"uagb-ifb-content\"><div class=\"uagb-ifb-image-content\"><img decoding=\"async\" src=\"https:\/\/ramirogp.com\/wp-content\/uploads\/2022\/12\/BannerServicios1.jpg\" alt=\"\" width=\"100\" height=\"122\" loading=\"lazy\"\/><\/div><div class=\"uagb-ifb-title-wrap\"><h4 class=\"uagb-ifb-title\"><a href=\"https:\/\/ramirogp.com\/?page_id=1127\" data-type=\"URL\" data-id=\"https:\/\/ramirogp.com\/?page_id=1127\">V\u00eddeos infogr\u00e1ficos<\/a><\/h4><\/div><p class=\"uagb-ifb-desc\">Unreal Engine es, ahora mismo, el mejor motor gr\u00e1fico que existe en la industria de los videojuegos. Con tecnolog\u00edas como Lumen, que es el sistema de iluminaci\u00f3n global y de reflejos din\u00e1micos, estaremos llevando la realizaci\u00f3n de v\u00eddeos e infograf\u00edas a un nivel, que muchas veces no sabremos si lo que estamos viendo es real o no.<br><br><br><\/p><div class=\"uagb-ifb-button-wrapper wp-block-button\"><a href=\"https:\/\/ramirogp.com\/?page_id=1555\" class=\"uagb-infobox-cta-link wp-block-button__link\" target=\"_self\" rel=\"noopener noreferrer\" alt=\"\"><span class=\"uagb-inline-editing\">Leer m\u00e1s<\/span><svg xmlns=\"https:\/\/www.w3.org\/2000\/svg\" viewBox=\"0 0 512 512\"><path d=\"M504.3 273.6l-112.1 104c-6.992 6.484-17.18 8.218-25.94 4.406c-8.758-3.812-14.42-12.45-14.42-21.1L351.9 288H32C14.33 288 .0002 273.7 .0002 255.1S14.33 224 32 224h319.9l0-72c0-9.547 5.66-18.19 14.42-22c8.754-3.809 18.95-2.075 25.94 4.41l112.1 104C514.6 247.9 514.6 264.1 504.3 273.6z\"><\/path><\/svg><\/a><\/div><\/div><\/div>\n<\/div>\n<\/div><\/div>\n\n\n\n<div class=\"wp-block-uagb-container uagb-block-ff40cb92 alignfull uagb-is-root-container\"><div class=\"uagb-container-inner-blocks-wrap\">\n<div class=\"wp-block-uagb-container uagb-block-711c43bd\">\n<div class=\"wp-block-uagb-info-box uagb-block-9040e331 uagb-infobox__content-wrap  uagb-infobox-icon-above-title uagb-infobox-image-valign-top\"><div class=\"uagb-ifb-content\"><div class=\"uagb-ifb-title-wrap\"><h2 class=\"uagb-ifb-title\">SOBRE M\u00cd<\/h2><\/div><p class=\"uagb-ifb-desc\">Soy un Arquitecto t\u00e9cnico que lleva m\u00e1s de una d\u00e9cada dedic\u00e1ndose al \u00e1mbito de la programaci\u00f3n y el dise\u00f1o de infograf\u00edas. Soy polivalente en los programas que suelo usar, desde Autodesk a la suite de Adobe, Blender y Unreal Engine. \u00daltimamente \u00e9ste \u00faltimo es al que m\u00e1s me dedico, ya que creo que puede revolucionar la manera en que se presentan los proyectos hoy en d\u00eda.<\/p><\/div><\/div>\n<\/div>\n\n\n\n<div class=\"wp-block-uagb-container uagb-block-e29768c9\">\n<div class=\"wp-block-uagb-image uagb-block-15129c69 wp-block-uagb-image--layout-default wp-block-uagb-image--effect-static wp-block-uagb-image--align-none\"><figure class=\"wp-block-uagb-image__figure\"><img decoding=\"async\" srcset=\"https:\/\/ramirogp.com\/wp-content\/uploads\/2022\/12\/yopng.png ,https:\/\/ramirogp.com\/wp-content\/uploads\/2022\/10\/Our-Mission-min.jpg 780w, https:\/\/ramirogp.com\/wp-content\/uploads\/2022\/10\/Our-Mission-min.jpg 360w\" src=\"https:\/\/ramirogp.com\/wp-content\/uploads\/2022\/12\/yopng.png\" alt=\"\" class=\"uag-image-1359\" width=\"412\" height=\"158\" title=\"\" loading=\"lazy\"\/><\/figure><\/div>\n\n\n\n<div style=\"height:100px\" aria-hidden=\"true\" class=\"wp-block-spacer\"><\/div>\n<\/div>\n<\/div><\/div>\n\n\n\n<div class=\"wp-block-uagb-call-to-action uagb-block-9dce2af2 wp-block-button\"><div class=\"uagb-cta__wrap\"><h2 class=\"uagb-cta__title\">CONOCE QU\u00c9 M\u00c1S HAGO<\/h2><p class=\"uagb-cta__desc\"> <\/p><\/div><div class=\"uagb-cta__buttons\"><a href=\"https:\/\/ramirogp.com\/?page_id=979\" class=\"uagb-cta__button-link-wrapper wp-block-button__link\" target=\"_self\" rel=\"noopener noreferrer\">MIS TRABAJOS<\/a><\/div><\/div>\n\n\n\n<div style=\"height:150px\" aria-hidden=\"true\" class=\"wp-block-spacer\"><\/div>\n","protected":false},"excerpt":{"rendered":"","protected":false},"author":1,"featured_media":0,"parent":0,"menu_order":0,"comment_status":"closed","ping_status":"closed","template":"","meta":{"_uag_custom_page_level_css":"","site-sidebar-layout":"default","site-content-layout":"default","ast-global-header-display":"","ast-main-header-display":"","ast-hfb-above-header-display":"","ast-hfb-below-header-display":"","ast-hfb-mobile-header-display":"","site-post-title":"disabled","ast-breadcrumbs-content":"","ast-featured-img":"","footer-sml-layout":"","theme-transparent-header-meta":"","adv-header-id-meta":"","stick-header-meta":"","header-above-stick-meta":"","header-main-stick-meta":"","header-below-stick-meta":""},"uagb_featured_image_src":{"full":false,"thumbnail":false,"medium":false,"medium_large":false,"large":false,"1536x1536":false,"2048x2048":false},"uagb_author_info":{"display_name":"Ramiro GP","author_link":"https:\/\/ramirogp.com\/?author=1"},"uagb_comment_info":0,"uagb_excerpt":null,"_links":{"self":[{"href":"https:\/\/ramirogp.com\/index.php?rest_route=\/wp\/v2\/pages\/1069"}],"collection":[{"href":"https:\/\/ramirogp.com\/index.php?rest_route=\/wp\/v2\/pages"}],"about":[{"href":"https:\/\/ramirogp.com\/index.php?rest_route=\/wp\/v2\/types\/page"}],"author":[{"embeddable":true,"href":"https:\/\/ramirogp.com\/index.php?rest_route=\/wp\/v2\/users\/1"}],"replies":[{"embeddable":true,"href":"https:\/\/ramirogp.com\/index.php?rest_route=%2Fwp%2Fv2%2Fcomments&post=1069"}],"version-history":[{"count":106,"href":"https:\/\/ramirogp.com\/index.php?rest_route=\/wp\/v2\/pages\/1069\/revisions"}],"predecessor-version":[{"id":1949,"href":"https:\/\/ramirogp.com\/index.php?rest_route=\/wp\/v2\/pages\/1069\/revisions\/1949"}],"wp:attachment":[{"href":"https:\/\/ramirogp.com\/index.php?rest_route=%2Fwp%2Fv2%2Fmedia&parent=1069"}],"curies":[{"name":"wp","href":"https:\/\/api.w.org\/{rel}","templated":true}]}}