{"id":1127,"date":"2022-12-15T19:31:14","date_gmt":"2022-12-15T18:31:14","guid":{"rendered":"https:\/\/ramirogp.com\/?page_id=1127"},"modified":"2022-12-22T21:14:24","modified_gmt":"2022-12-22T20:14:24","slug":"servicios","status":"publish","type":"page","link":"https:\/\/ramirogp.com\/?page_id=1127","title":{"rendered":"Servicios"},"content":{"rendered":"\n<div class=\"wp-block-uagb-container uagb-block-abfdab88 alignfull uagb-is-root-container\"><div class=\"uagb-container-inner-blocks-wrap\">\n<div class=\"wp-block-uagb-advanced-heading uagb-block-c7881690\"><h1 class=\"uagb-heading-text\">SERVICIOS<\/h1><\/div>\n<\/div><\/div>\n\n\n\n<div class=\"wp-block-uagb-container uagb-block-3c371899 alignfull uagb-is-root-container\"><div class=\"uagb-container-inner-blocks-wrap\">\n<div class=\"wp-block-uagb-container uagb-block-03c13682\">\n<div class=\"wp-block-uagb-info-box uagb-block-6a29fb9a uagb-infobox__content-wrap  uagb-infobox_cta-type-all uagb-infobox-icon-above-title uagb-infobox-image-valign-top\"><a href=\"https:\/\/ramirogp.com\/?page_id=1555\" class=\"uagb-infobox-link-wrap uagb-infbox__link-to-all\" target=\"_self\" aria-label=\"Infobox Link\" rel=\"noopener noreferrer\"><\/a><div class=\"uagb-ifb-content\"><div class=\"uagb-ifb-title-wrap\"><h1 class=\"uagb-ifb-title\">Renders interactivos\u200b<\/h1><\/div><p class=\"uagb-ifb-desc\">A partir de los planos del proyecto se crea un modelo 3D, que al introducirlo en el motor gr\u00e1fico (UE5), nos da opciones diversas para hacer con \u00e9l. Desde fotograf\u00edas y v\u00eddeos a aplicaciones interactivas, que ofrecen al usuario la capacidad de moverse por el entorno y explorar el proyecto a su antojo.<\/p><div class=\"uagb-ifb-button-wrapper wp-block-button\"><\/div><\/div><\/div>\n<\/div>\n\n\n\n<div class=\"wp-block-uagb-container uagb-block-4f70bc04\">\n<div class=\"wp-block-uagb-image uagb-block-81fdf4f6 wp-block-uagb-image--layout-default wp-block-uagb-image--effect-static wp-block-uagb-image--align-none\"><figure class=\"wp-block-uagb-image__figure\"><img decoding=\"async\" srcset=\"https:\/\/ramirogp.com\/wp-content\/uploads\/2022\/12\/BannerAPP-1024x811.jpg , https:\/\/ramirogp.com\/wp-content\/uploads\/2022\/12\/BannerAPP-1024x811.jpg 360w\" src=\"https:\/\/ramirogp.com\/wp-content\/uploads\/2022\/12\/BannerAPP-1024x811.jpg\" alt=\"\" class=\"uag-image-1792\" width=\"580\" height=\"435\" title=\"\" loading=\"lazy\"\/><\/figure><\/div>\n<\/div>\n<\/div><\/div>\n\n\n\n<div style=\"height:70px\" aria-hidden=\"true\" class=\"wp-block-spacer\"><\/div>\n\n\n\n<div class=\"wp-block-uagb-container uagb-block-7bc57fa2 alignfull uagb-is-root-container\"><div class=\"uagb-container-inner-blocks-wrap\">\n<div class=\"wp-block-uagb-container uagb-block-8c719889\">\n<div class=\"wp-block-uagb-info-box uagb-block-1431b78c uagb-infobox__content-wrap  uagb-infobox_cta-type-all uagb-infobox-icon-above-title uagb-infobox-image-valign-top\"><a href=\"https:\/\/ramirogp.com\/?page_id=1555\" class=\"uagb-infobox-link-wrap uagb-infbox__link-to-all\" target=\"_self\" aria-label=\"Infobox Link\" rel=\"noopener noreferrer\"><\/a><div class=\"uagb-ifb-content\"><div class=\"uagb-ifb-title-wrap\"><h3 class=\"uagb-ifb-title\">V\u00eddeos infogr\u00e1ficos<\/h3><\/div><p class=\"uagb-ifb-desc\">Unreal Engine es, ahora mismo, el mejor motor gr\u00e1fico que existe en la industria de los videojuegos. Con tecnolog\u00edas como Lumen, que es el sistema de iluminaci\u00f3n global y de reflejos din\u00e1micos, estaremos llevando la realizaci\u00f3n de v\u00eddeos e infograf\u00edas a un nivel, que muchas veces no sabremos si lo que estamos viendo es real o no.<\/p><div class=\"uagb-ifb-button-wrapper wp-block-button\"><\/div><\/div><\/div>\n<\/div>\n\n\n\n<div class=\"wp-block-uagb-container uagb-block-988b331e\">\n<div class=\"wp-block-uagb-image uagb-block-9387ac49 wp-block-uagb-image--layout-default wp-block-uagb-image--effect-static wp-block-uagb-image--align-none\"><figure class=\"wp-block-uagb-image__figure\"><img decoding=\"async\" srcset=\"https:\/\/ramirogp.com\/wp-content\/uploads\/2022\/12\/BannerInfo-1024x811.jpg \" src=\"https:\/\/ramirogp.com\/wp-content\/uploads\/2022\/12\/BannerInfo-1024x811.jpg\" alt=\"\" class=\"uag-image-1794\" width=\"580\" height=\"435\" title=\"\" loading=\"lazy\"\/><\/figure><\/div>\n<\/div>\n<\/div><\/div>\n\n\n\n<div style=\"height:70px\" aria-hidden=\"true\" class=\"wp-block-spacer\"><\/div>\n\n\n\n<div class=\"wp-block-uagb-container uagb-block-5183a8e4 alignfull uagb-is-root-container\"><div class=\"uagb-container-inner-blocks-wrap\">\n<div class=\"wp-block-uagb-container uagb-block-4ef82bb0\">\n<div class=\"wp-block-uagb-info-box uagb-block-bf6e791f uagb-infobox__content-wrap  uagb-infobox_cta-type-all uagb-infobox-icon-above-title uagb-infobox-image-valign-top\"><a href=\"https:\/\/ramirogp.com\/?page_id=1553\" class=\"uagb-infobox-link-wrap uagb-infbox__link-to-all\" target=\"_self\" aria-label=\"Infobox Link\" rel=\"noopener noreferrer\"><\/a><div class=\"uagb-ifb-content\"><div class=\"uagb-ifb-title-wrap\"><h3 class=\"uagb-ifb-title\">Visualizaci\u00f3n de metadatos<\/h3><\/div><p class=\"uagb-ifb-desc\">Gracias a Unreal Datasmith (conjunto de herramientas en forma de plugin para Unreal Engine que hace m\u00e1s eficiente el proceso de importar y manipular datos de m\u00faltiples fuentes de CAD \/ DCC), es posible leer los metadatos de archivos CAD.<br>Si programamos una base de datos e implementamos una interfaz es posible interactuar con los metadatos en un entorno hiperrealista.<\/p><div class=\"uagb-ifb-button-wrapper wp-block-button\"><\/div><\/div><\/div>\n<\/div>\n\n\n\n<div class=\"wp-block-uagb-container uagb-block-f10b39e6\">\n<div class=\"wp-block-uagb-image uagb-block-5fb76c76 wp-block-uagb-image--layout-default wp-block-uagb-image--effect-static wp-block-uagb-image--align-none\"><figure class=\"wp-block-uagb-image__figure\"><img decoding=\"async\" srcset=\"https:\/\/ramirogp.com\/wp-content\/uploads\/2022\/12\/BannerData-1024x811.jpg \" src=\"https:\/\/ramirogp.com\/wp-content\/uploads\/2022\/12\/BannerData-1024x811.jpg\" alt=\"\" class=\"uag-image-1793\" width=\"580\" height=\"435\" title=\"\" loading=\"lazy\"\/><\/figure><\/div>\n<\/div>\n<\/div><\/div>\n\n\n\n<div style=\"height:70px\" aria-hidden=\"true\" class=\"wp-block-spacer\"><\/div>\n\n\n\n<div class=\"wp-block-uagb-container uagb-block-2656766a alignfull uagb-is-root-container\"><div class=\"uagb-container-inner-blocks-wrap\">\n<div class=\"wp-block-uagb-container uagb-block-3e5857ce\">\n<div class=\"wp-block-uagb-info-box uagb-block-e4b9e921 uagb-infobox__content-wrap  uagb-infobox_cta-type-all uagb-infobox-icon-above-title uagb-infobox-image-valign-top\"><a href=\"https:\/\/ramirogp.com\/?p=1644\" class=\"uagb-infobox-link-wrap uagb-infbox__link-to-all\" target=\"_self\" aria-label=\"Infobox Link\" rel=\"noopener noreferrer\"><\/a><div class=\"uagb-ifb-content\"><div class=\"uagb-ifb-title-wrap\"><h3 class=\"uagb-ifb-title\">Escaneo de puntos LiDAR<\/h3><\/div><p class=\"uagb-ifb-desc\">Hasta el momento he podido trabajar con modelos de nubes de puntos LiDAR y comprobar su perfecta integraci\u00f3n dentro del programa, as\u00ed como modificar y a\u00f1adir detalles que lo conviertan en un modelo de categor\u00eda realista. <br>Actualmente estoy aprendiendo por mi cuenta a capturar modelos peque\u00f1os de puntos para poder a\u00f1adirlos a mis proyectos. En un futuro me gustar\u00eda ampliar este campo y utilizar un buen dron para la toma de puntos de terrenos, ya que poseo el certificado oficial para poder realizar estos vuelos.<\/p><div class=\"uagb-ifb-button-wrapper wp-block-button\"><\/div><\/div><\/div>\n<\/div>\n\n\n\n<div class=\"wp-block-uagb-container uagb-block-4cd4dba7\">\n<div class=\"wp-block-uagb-image uagb-block-8feb892a wp-block-uagb-image--layout-default wp-block-uagb-image--effect-static wp-block-uagb-image--align-none\"><figure class=\"wp-block-uagb-image__figure\"><img decoding=\"async\" srcset=\"https:\/\/ramirogp.com\/wp-content\/uploads\/2022\/12\/BannerLiDAR-1024x811.jpg \" src=\"https:\/\/ramirogp.com\/wp-content\/uploads\/2022\/12\/BannerLiDAR-1024x811.jpg\" alt=\"\" class=\"uag-image-1795\" width=\"580\" height=\"435\" title=\"\" loading=\"lazy\"\/><\/figure><\/div>\n<\/div>\n<\/div><\/div>\n\n\n\n<div style=\"height:70px\" aria-hidden=\"true\" class=\"wp-block-spacer\"><\/div>\n\n\n\n<div class=\"wp-block-uagb-container uagb-block-9ec2b407 alignfull uagb-is-root-container\"><div class=\"uagb-container-inner-blocks-wrap\">\n<div class=\"wp-block-uagb-call-to-action uagb-block-b8d2001f wp-block-button\"><div class=\"uagb-cta__wrap\"><h2 class=\"uagb-cta__title\">PONTE EN CONTACTO CONMIGO<\/h2><p class=\"uagb-cta__desc\">\u00bfTienes alguna pregunta? Siempre estoy dispuestos a hablar de  nuevos proyectos y oportunidades creativas.<\/p><\/div><div class=\"uagb-cta__buttons\"><a href=\"https:\/\/ramirogp.com\/?page_id=1125\" class=\"uagb-cta__button-link-wrapper wp-block-button__link\" target=\"_self\" rel=\"noopener noreferrer\">CONTACTO<\/a><\/div><\/div>\n<\/div><\/div>\n","protected":false},"excerpt":{"rendered":"","protected":false},"author":1,"featured_media":0,"parent":0,"menu_order":6,"comment_status":"closed","ping_status":"closed","template":"","meta":{"_uag_custom_page_level_css":"","site-sidebar-layout":"default","site-content-layout":"default","ast-global-header-display":"","ast-main-header-display":"","ast-hfb-above-header-display":"","ast-hfb-below-header-display":"","ast-hfb-mobile-header-display":"","site-post-title":"disabled","ast-breadcrumbs-content":"","ast-featured-img":"","footer-sml-layout":"","theme-transparent-header-meta":"","adv-header-id-meta":"","stick-header-meta":"","header-above-stick-meta":"","header-main-stick-meta":"","header-below-stick-meta":""},"uagb_featured_image_src":{"full":false,"thumbnail":false,"medium":false,"medium_large":false,"large":false,"1536x1536":false,"2048x2048":false},"uagb_author_info":{"display_name":"Ramiro GP","author_link":"https:\/\/ramirogp.com\/?author=1"},"uagb_comment_info":0,"uagb_excerpt":null,"_links":{"self":[{"href":"https:\/\/ramirogp.com\/index.php?rest_route=\/wp\/v2\/pages\/1127"}],"collection":[{"href":"https:\/\/ramirogp.com\/index.php?rest_route=\/wp\/v2\/pages"}],"about":[{"href":"https:\/\/ramirogp.com\/index.php?rest_route=\/wp\/v2\/types\/page"}],"author":[{"embeddable":true,"href":"https:\/\/ramirogp.com\/index.php?rest_route=\/wp\/v2\/users\/1"}],"replies":[{"embeddable":true,"href":"https:\/\/ramirogp.com\/index.php?rest_route=%2Fwp%2Fv2%2Fcomments&post=1127"}],"version-history":[{"count":75,"href":"https:\/\/ramirogp.com\/index.php?rest_route=\/wp\/v2\/pages\/1127\/revisions"}],"predecessor-version":[{"id":1891,"href":"https:\/\/ramirogp.com\/index.php?rest_route=\/wp\/v2\/pages\/1127\/revisions\/1891"}],"wp:attachment":[{"href":"https:\/\/ramirogp.com\/index.php?rest_route=%2Fwp%2Fv2%2Fmedia&parent=1127"}],"curies":[{"name":"wp","href":"https:\/\/api.w.org\/{rel}","templated":true}]}}