{"id":1551,"date":"2022-12-17T20:46:01","date_gmt":"2022-12-17T19:46:01","guid":{"rendered":"https:\/\/ramirogp.com\/?page_id=1551"},"modified":"2022-12-22T21:14:56","modified_gmt":"2022-12-22T20:14:56","slug":"trabajos-aplicaciones","status":"publish","type":"page","link":"https:\/\/ramirogp.com\/?page_id=1551","title":{"rendered":"Aplicaciones"},"content":{"rendered":"\n<div class=\"wp-block-uagb-container uagb-block-e702c80c alignfull uagb-is-root-container\"><div class=\"uagb-container-inner-blocks-wrap\">\n<div class=\"wp-block-uagb-advanced-heading uagb-block-f5533584\"><h1 class=\"uagb-heading-text\">TRABAJOS<\/h1><\/div>\n\n\n\n<div class=\"wp-block-uagb-advanced-heading uagb-block-9cde3ff9\"><h1 class=\"uagb-heading-text\">Aplicaciones<\/h1><\/div>\n<\/div><\/div>\n\n\n\n<div style=\"height:80px\" aria-hidden=\"true\" class=\"wp-block-spacer\"><\/div>\n\n\n\n<div class=\"wp-block-uagb-container uagb-block-115892fc alignfull uagb-is-root-container\"><div class=\"uagb-container-inner-blocks-wrap\">\n<div class=\"is-layout-flow wp-block-query\"><ul class=\"is-layout-flow wp-block-post-template\"><li class=\"wp-block-post post-1656 post type-post status-publish format-standard has-post-thumbnail hentry category-aplicacion category-entorno category-modelado\">\n<h2 class=\"wp-elements-6875c8260d4a1836b07210588cba3238 wp-block-post-title\"><a href=\"https:\/\/ramirogp.com\/?p=1656\" target=\"_self\" >Render interactivo de Planta de tratamiento de residuos urbanos<\/a><\/h2>\n\n\n<div style=\"height:20px\" aria-hidden=\"true\" class=\"wp-block-spacer\"><\/div>\n\n\n<figure class=\"alignwide wp-block-post-featured-image\"><a href=\"https:\/\/ramirogp.com\/?p=1656\" target=\"_self\" ><img width=\"1920\" height=\"1080\" src=\"https:\/\/ramirogp.com\/wp-content\/uploads\/2022\/12\/CalviaMini_1.1.1.jpg\" class=\"attachment-post-thumbnail size-post-thumbnail wp-post-image\" alt=\"Render interactivo de Planta de tratamiento de residuos urbanos\" decoding=\"async\" loading=\"lazy\" srcset=\"https:\/\/ramirogp.com\/wp-content\/uploads\/2022\/12\/CalviaMini_1.1.1.jpg 1920w, https:\/\/ramirogp.com\/wp-content\/uploads\/2022\/12\/CalviaMini_1.1.1-300x169.jpg 300w, https:\/\/ramirogp.com\/wp-content\/uploads\/2022\/12\/CalviaMini_1.1.1-1024x576.jpg 1024w, https:\/\/ramirogp.com\/wp-content\/uploads\/2022\/12\/CalviaMini_1.1.1-768x432.jpg 768w, https:\/\/ramirogp.com\/wp-content\/uploads\/2022\/12\/CalviaMini_1.1.1-1536x864.jpg 1536w\" sizes=\"(max-width: 1920px) 100vw, 1920px\" \/><\/a><\/figure>\n\n\n<div style=\"height:20px\" aria-hidden=\"true\" class=\"wp-block-spacer\"><\/div>\n\n\n<div class=\"wp-elements-684f4796d652d3c82346088d949adaa1 wp-block-post-excerpt\"><p class=\"wp-block-post-excerpt__excerpt\">Programa desarrollado en Unreal Engine 5 para Windows, en el que podemos pasearnos por las instalaciones de una Planta de tratamiento de residuos urbanos. Como podemos ver en el v\u00eddeo, se trata de un programa para pasearnos por una implantaci\u00f3n en tiempo real. Como ya he mencionado en alguna otra ocasi\u00f3n, me gustar\u00eda hablar de &hellip;<p class=\"read-more\"> <a class=\"\" href=\"https:\/\/ramirogp.com\/?p=1656\"> <span class=\"screen-reader-text\">Render interactivo de Planta de tratamiento de residuos urbanos<\/span> Leer m\u00e1s &raquo;<\/a><\/p> <\/p><\/div>\n\n<div class=\"wp-block-post-date\"><time datetime=\"2022-12-09T12:37:42+01:00\">9 de diciembre de 2022<\/time><\/div>\n\n\n<div style=\"height:50px\" aria-hidden=\"true\" class=\"wp-block-spacer\"><\/div>\n\n<\/li><li class=\"wp-block-post post-1640 post type-post status-publish format-standard has-post-thumbnail hentry category-aplicacion category-metadatos\">\n<h2 class=\"wp-elements-6875c8260d4a1836b07210588cba3238 wp-block-post-title\"><a href=\"https:\/\/ramirogp.com\/?p=1640\" target=\"_self\" >Importaci\u00f3n de metadatos desde Plant3D a Unreal Engine 5<\/a><\/h2>\n\n\n<div style=\"height:20px\" aria-hidden=\"true\" class=\"wp-block-spacer\"><\/div>\n\n\n<figure class=\"alignwide wp-block-post-featured-image\"><a href=\"https:\/\/ramirogp.com\/?p=1640\" target=\"_self\" ><img width=\"1920\" height=\"1080\" src=\"https:\/\/ramirogp.com\/wp-content\/uploads\/2022\/12\/DATAReaderMini.jpg\" class=\"attachment-post-thumbnail size-post-thumbnail wp-post-image\" alt=\"Importaci\u00f3n de metadatos desde Plant3D a Unreal Engine 5\" decoding=\"async\" loading=\"lazy\" srcset=\"https:\/\/ramirogp.com\/wp-content\/uploads\/2022\/12\/DATAReaderMini.jpg 1920w, https:\/\/ramirogp.com\/wp-content\/uploads\/2022\/12\/DATAReaderMini-300x169.jpg 300w, https:\/\/ramirogp.com\/wp-content\/uploads\/2022\/12\/DATAReaderMini-1024x576.jpg 1024w, https:\/\/ramirogp.com\/wp-content\/uploads\/2022\/12\/DATAReaderMini-768x432.jpg 768w, https:\/\/ramirogp.com\/wp-content\/uploads\/2022\/12\/DATAReaderMini-1536x864.jpg 1536w\" sizes=\"(max-width: 1920px) 100vw, 1920px\" \/><\/a><\/figure>\n\n\n<div style=\"height:20px\" aria-hidden=\"true\" class=\"wp-block-spacer\"><\/div>\n\n\n<div class=\"wp-elements-684f4796d652d3c82346088d949adaa1 wp-block-post-excerpt\"><p class=\"wp-block-post-excerpt__excerpt\">Mediante la programaci\u00f3n por blueprints podemos acceder a leer, e incluso modificar, los propios metadatos que contienen los modelos del proyecto. El programa est\u00e1 en Alpha todav\u00eda con idea de ir introduciendo mejoras con el tiempo. El modelo de las tuber\u00edas ha sido creado con Autodesk Plant3D y es capaz de leer toda la Metadata &hellip;<p class=\"read-more\"> <a class=\"\" href=\"https:\/\/ramirogp.com\/?p=1640\"> <span class=\"screen-reader-text\">Importaci\u00f3n de metadatos desde Plant3D a Unreal Engine 5<\/span> Leer m\u00e1s &raquo;<\/a><\/p> <\/p><\/div>\n\n<div class=\"wp-block-post-date\"><time datetime=\"2022-12-08T12:18:23+01:00\">8 de diciembre de 2022<\/time><\/div>\n\n\n<div style=\"height:50px\" aria-hidden=\"true\" class=\"wp-block-spacer\"><\/div>\n\n<\/li><li class=\"wp-block-post post-1647 post type-post status-publish format-standard has-post-thumbnail hentry category-aplicacion category-entorno category-infografia\">\n<h2 class=\"wp-elements-6875c8260d4a1836b07210588cba3238 wp-block-post-title\"><a href=\"https:\/\/ramirogp.com\/?p=1647\" target=\"_self\" >Render interactivo de muestra de equipos<\/a><\/h2>\n\n\n<div style=\"height:20px\" aria-hidden=\"true\" class=\"wp-block-spacer\"><\/div>\n\n\n<figure class=\"alignwide wp-block-post-featured-image\"><a href=\"https:\/\/ramirogp.com\/?p=1647\" target=\"_self\" ><img width=\"1920\" height=\"1080\" src=\"https:\/\/ramirogp.com\/wp-content\/uploads\/2022\/12\/EquiposMini2_1.1.1.jpg\" class=\"attachment-post-thumbnail size-post-thumbnail wp-post-image\" alt=\"Render interactivo de muestra de equipos\" decoding=\"async\" loading=\"lazy\" srcset=\"https:\/\/ramirogp.com\/wp-content\/uploads\/2022\/12\/EquiposMini2_1.1.1.jpg 1920w, https:\/\/ramirogp.com\/wp-content\/uploads\/2022\/12\/EquiposMini2_1.1.1-300x169.jpg 300w, https:\/\/ramirogp.com\/wp-content\/uploads\/2022\/12\/EquiposMini2_1.1.1-1024x576.jpg 1024w, https:\/\/ramirogp.com\/wp-content\/uploads\/2022\/12\/EquiposMini2_1.1.1-768x432.jpg 768w, https:\/\/ramirogp.com\/wp-content\/uploads\/2022\/12\/EquiposMini2_1.1.1-1536x864.jpg 1536w\" sizes=\"(max-width: 1920px) 100vw, 1920px\" \/><\/a><\/figure>\n\n\n<div style=\"height:20px\" aria-hidden=\"true\" class=\"wp-block-spacer\"><\/div>\n\n\n<div class=\"wp-elements-684f4796d652d3c82346088d949adaa1 wp-block-post-excerpt\"><p class=\"wp-block-post-excerpt__excerpt\">Programa desarrollado en Unreal Engine 5 para Windows, en el que podemos pasearnos por una muestra de equipos para el tratamiento de aguas. Como podemos ver en el v\u00eddeo, se trata de un programa para movernos por el entorno y poder observar en detalle la muestra de equipos, que en este caso, el fabricante expone. &hellip;<p class=\"read-more\"> <a class=\"\" href=\"https:\/\/ramirogp.com\/?p=1647\"> <span class=\"screen-reader-text\">Render interactivo de muestra de equipos<\/span> Leer m\u00e1s &raquo;<\/a><\/p> <\/p><\/div>\n\n<div class=\"wp-block-post-date\"><time datetime=\"2022-12-06T12:27:06+01:00\">6 de diciembre de 2022<\/time><\/div>\n\n\n<div style=\"height:50px\" aria-hidden=\"true\" class=\"wp-block-spacer\"><\/div>\n\n<\/li><li class=\"wp-block-post post-1653 post type-post status-publish format-standard has-post-thumbnail hentry category-aplicacion category-diseno category-entorno\">\n<h2 class=\"wp-elements-6875c8260d4a1836b07210588cba3238 wp-block-post-title\"><a href=\"https:\/\/ramirogp.com\/?p=1653\" target=\"_self\" >Cinta encontrada 12\/05\/95<\/a><\/h2>\n\n\n<div style=\"height:20px\" aria-hidden=\"true\" class=\"wp-block-spacer\"><\/div>\n\n\n<figure class=\"alignwide wp-block-post-featured-image\"><a href=\"https:\/\/ramirogp.com\/?p=1653\" target=\"_self\" ><img width=\"1920\" height=\"1080\" src=\"https:\/\/ramirogp.com\/wp-content\/uploads\/2022\/12\/PoolroomsMini2_1.1.2.jpg\" class=\"attachment-post-thumbnail size-post-thumbnail wp-post-image\" alt=\"Cinta encontrada 12\/05\/95\" decoding=\"async\" loading=\"lazy\" srcset=\"https:\/\/ramirogp.com\/wp-content\/uploads\/2022\/12\/PoolroomsMini2_1.1.2.jpg 1920w, https:\/\/ramirogp.com\/wp-content\/uploads\/2022\/12\/PoolroomsMini2_1.1.2-300x169.jpg 300w, https:\/\/ramirogp.com\/wp-content\/uploads\/2022\/12\/PoolroomsMini2_1.1.2-1024x576.jpg 1024w, https:\/\/ramirogp.com\/wp-content\/uploads\/2022\/12\/PoolroomsMini2_1.1.2-768x432.jpg 768w, https:\/\/ramirogp.com\/wp-content\/uploads\/2022\/12\/PoolroomsMini2_1.1.2-1536x864.jpg 1536w\" sizes=\"(max-width: 1920px) 100vw, 1920px\" \/><\/a><\/figure>\n\n\n<div style=\"height:20px\" aria-hidden=\"true\" class=\"wp-block-spacer\"><\/div>\n\n\n<div class=\"wp-elements-684f4796d652d3c82346088d949adaa1 wp-block-post-excerpt\"><p class=\"wp-block-post-excerpt__excerpt\">Cinta de v\u00eddeo encontrada el 12 de mayo de 1995. No sabemos qu\u00e9 sitio es el que se muestra ni cu\u00e1ndo se grab\u00f3. Lo \u00fanico que sabemos es que en la cinta pon\u00eda \u00abExplorer N\u00ba5\u00bb. <\/p><\/div>\n\n<div class=\"wp-block-post-date\"><time datetime=\"2022-12-04T12:32:21+01:00\">4 de diciembre de 2022<\/time><\/div>\n\n\n<div style=\"height:50px\" aria-hidden=\"true\" class=\"wp-block-spacer\"><\/div>\n\n<\/li><li class=\"wp-block-post post-1285 post type-post status-publish format-standard has-post-thumbnail hentry category-app-movil\">\n<h2 class=\"wp-elements-6875c8260d4a1836b07210588cba3238 wp-block-post-title\"><a href=\"https:\/\/ramirogp.com\/?p=1285\" target=\"_self\" >Mis Apps en Android<\/a><\/h2>\n\n\n<div style=\"height:20px\" aria-hidden=\"true\" class=\"wp-block-spacer\"><\/div>\n\n\n<figure class=\"alignwide wp-block-post-featured-image\"><a href=\"https:\/\/ramirogp.com\/?p=1285\" target=\"_self\" ><img width=\"512\" height=\"250\" src=\"https:\/\/ramirogp.com\/wp-content\/uploads\/2022\/12\/unnamed.jpg\" class=\"attachment-post-thumbnail size-post-thumbnail wp-post-image\" alt=\"Mis Apps en Android\" decoding=\"async\" loading=\"lazy\" srcset=\"https:\/\/ramirogp.com\/wp-content\/uploads\/2022\/12\/unnamed.jpg 512w, https:\/\/ramirogp.com\/wp-content\/uploads\/2022\/12\/unnamed-300x146.jpg 300w\" sizes=\"(max-width: 512px) 100vw, 512px\" \/><\/a><\/figure>\n\n\n<div style=\"height:20px\" aria-hidden=\"true\" class=\"wp-block-spacer\"><\/div>\n\n\n<div class=\"wp-elements-684f4796d652d3c82346088d949adaa1 wp-block-post-excerpt\"><p class=\"wp-block-post-excerpt__excerpt\">Durante una temporada estuve estudiando por mi cuenta programaci\u00f3n para aplicaciones en Android. M\u00e1s tarde culminar\u00eda mis estudios realizando un M\u00e1ster de Desarrollo de Aplicaciones para Dispositivos M\u00f3viles. Las aplicaciones que muestro abajo fueron realizadas por m\u00ed, desarrolladas en Unity y utilizando el lenguaje de programaci\u00f3n C#. De momento s\u00f3lo se encuentran disponibles para Android &hellip;<p class=\"read-more\"> <a class=\"\" href=\"https:\/\/ramirogp.com\/?p=1285\"> <span class=\"screen-reader-text\">Mis Apps en Android<\/span> Leer m\u00e1s &raquo;<\/a><\/p> <\/p><\/div>\n\n<div class=\"wp-block-post-date\"><time datetime=\"2022-12-02T23:41:36+01:00\">2 de diciembre de 2022<\/time><\/div>\n\n\n<div style=\"height:50px\" aria-hidden=\"true\" class=\"wp-block-spacer\"><\/div>\n\n<\/li><\/ul><\/div>\n<\/div><\/div>\n\n\n\n<div style=\"height:100px\" aria-hidden=\"true\" class=\"wp-block-spacer\"><\/div>\n","protected":false},"excerpt":{"rendered":"","protected":false},"author":1,"featured_media":0,"parent":979,"menu_order":4,"comment_status":"closed","ping_status":"closed","template":"","meta":{"_uag_custom_page_level_css":"","site-sidebar-layout":"default","site-content-layout":"default","ast-global-header-display":"","ast-main-header-display":"","ast-hfb-above-header-display":"","ast-hfb-below-header-display":"","ast-hfb-mobile-header-display":"","site-post-title":"disabled","ast-breadcrumbs-content":"","ast-featured-img":"","footer-sml-layout":"","theme-transparent-header-meta":"","adv-header-id-meta":"","stick-header-meta":"","header-above-stick-meta":"","header-main-stick-meta":"","header-below-stick-meta":""},"uagb_featured_image_src":{"full":false,"thumbnail":false,"medium":false,"medium_large":false,"large":false,"1536x1536":false,"2048x2048":false},"uagb_author_info":{"display_name":"Ramiro GP","author_link":"https:\/\/ramirogp.com\/?author=1"},"uagb_comment_info":0,"uagb_excerpt":null,"_links":{"self":[{"href":"https:\/\/ramirogp.com\/index.php?rest_route=\/wp\/v2\/pages\/1551"}],"collection":[{"href":"https:\/\/ramirogp.com\/index.php?rest_route=\/wp\/v2\/pages"}],"about":[{"href":"https:\/\/ramirogp.com\/index.php?rest_route=\/wp\/v2\/types\/page"}],"author":[{"embeddable":true,"href":"https:\/\/ramirogp.com\/index.php?rest_route=\/wp\/v2\/users\/1"}],"replies":[{"embeddable":true,"href":"https:\/\/ramirogp.com\/index.php?rest_route=%2Fwp%2Fv2%2Fcomments&post=1551"}],"version-history":[{"count":12,"href":"https:\/\/ramirogp.com\/index.php?rest_route=\/wp\/v2\/pages\/1551\/revisions"}],"predecessor-version":[{"id":1908,"href":"https:\/\/ramirogp.com\/index.php?rest_route=\/wp\/v2\/pages\/1551\/revisions\/1908"}],"up":[{"embeddable":true,"href":"https:\/\/ramirogp.com\/index.php?rest_route=\/wp\/v2\/pages\/979"}],"wp:attachment":[{"href":"https:\/\/ramirogp.com\/index.php?rest_route=%2Fwp%2Fv2%2Fmedia&parent=1551"}],"curies":[{"name":"wp","href":"https:\/\/api.w.org\/{rel}","templated":true}]}}