{"id":1553,"date":"2022-12-19T20:47:23","date_gmt":"2022-12-19T19:47:23","guid":{"rendered":"https:\/\/ramirogp.com\/?page_id=1553"},"modified":"2022-12-22T21:17:43","modified_gmt":"2022-12-22T20:17:43","slug":"trabajos-bim-y-metadatos","status":"publish","type":"page","link":"https:\/\/ramirogp.com\/?page_id=1553","title":{"rendered":"BIM y Metadatos"},"content":{"rendered":"\n<div class=\"wp-block-uagb-container uagb-block-42fef4cd alignfull uagb-is-root-container\"><div class=\"uagb-container-inner-blocks-wrap\">\n<div class=\"wp-block-uagb-advanced-heading uagb-block-a195a591\"><h1 class=\"uagb-heading-text\">TRABAJOS<\/h1><\/div>\n\n\n\n<div class=\"wp-block-uagb-advanced-heading uagb-block-e0cf3b93\"><h2 class=\"uagb-heading-text\">BIM y Metadatos<\/h2><\/div>\n<\/div><\/div>\n\n\n\n<div style=\"height:80px\" aria-hidden=\"true\" class=\"wp-block-spacer\"><\/div>\n\n\n\n<div class=\"wp-block-uagb-container uagb-block-d70f5eed alignfull uagb-is-root-container\"><div class=\"uagb-container-inner-blocks-wrap\">\n<div class=\"is-layout-flow wp-block-query\"><ul class=\"is-layout-flow wp-block-post-template\"><li class=\"wp-block-post post-1640 post type-post status-publish format-standard has-post-thumbnail hentry category-aplicacion category-metadatos\">\n<h2 class=\"wp-elements-6875c8260d4a1836b07210588cba3238 wp-block-post-title\"><a href=\"https:\/\/ramirogp.com\/?p=1640\" target=\"_self\" >Importaci\u00f3n de metadatos desde Plant3D a Unreal Engine 5<\/a><\/h2>\n\n\n<div style=\"height:20px\" aria-hidden=\"true\" class=\"wp-block-spacer\"><\/div>\n\n\n<figure class=\"alignwide wp-block-post-featured-image\"><a href=\"https:\/\/ramirogp.com\/?p=1640\" target=\"_self\" ><img width=\"1920\" height=\"1080\" src=\"https:\/\/ramirogp.com\/wp-content\/uploads\/2022\/12\/DATAReaderMini.jpg\" class=\"attachment-post-thumbnail size-post-thumbnail wp-post-image\" alt=\"Importaci\u00f3n de metadatos desde Plant3D a Unreal Engine 5\" decoding=\"async\" loading=\"lazy\" srcset=\"https:\/\/ramirogp.com\/wp-content\/uploads\/2022\/12\/DATAReaderMini.jpg 1920w, https:\/\/ramirogp.com\/wp-content\/uploads\/2022\/12\/DATAReaderMini-300x169.jpg 300w, https:\/\/ramirogp.com\/wp-content\/uploads\/2022\/12\/DATAReaderMini-1024x576.jpg 1024w, https:\/\/ramirogp.com\/wp-content\/uploads\/2022\/12\/DATAReaderMini-768x432.jpg 768w, https:\/\/ramirogp.com\/wp-content\/uploads\/2022\/12\/DATAReaderMini-1536x864.jpg 1536w\" sizes=\"(max-width: 1920px) 100vw, 1920px\" \/><\/a><\/figure>\n\n\n<div style=\"height:20px\" aria-hidden=\"true\" class=\"wp-block-spacer\"><\/div>\n\n\n<div class=\"wp-elements-684f4796d652d3c82346088d949adaa1 wp-block-post-excerpt\"><p class=\"wp-block-post-excerpt__excerpt\">Mediante la programaci\u00f3n por blueprints podemos acceder a leer, e incluso modificar, los propios metadatos que contienen los modelos del proyecto. El programa est\u00e1 en Alpha todav\u00eda con idea de ir introduciendo mejoras con el tiempo. El modelo de las tuber\u00edas ha sido creado con Autodesk Plant3D y es capaz de leer toda la Metadata &hellip;<p class=\"read-more\"> <a class=\"\" href=\"https:\/\/ramirogp.com\/?p=1640\"> <span class=\"screen-reader-text\">Importaci\u00f3n de metadatos desde Plant3D a Unreal Engine 5<\/span> Leer m\u00e1s &raquo;<\/a><\/p> <\/p><\/div>\n\n<div class=\"wp-block-post-date\"><time datetime=\"2022-12-08T12:18:23+01:00\">8 de diciembre de 2022<\/time><\/div>\n\n\n<div style=\"height:50px\" aria-hidden=\"true\" class=\"wp-block-spacer\"><\/div>\n\n<\/li><\/ul><\/div>\n<\/div><\/div>\n\n\n\n<div style=\"height:100px\" aria-hidden=\"true\" class=\"wp-block-spacer\"><\/div>\n","protected":false},"excerpt":{"rendered":"","protected":false},"author":1,"featured_media":0,"parent":979,"menu_order":2,"comment_status":"closed","ping_status":"closed","template":"","meta":{"_uag_custom_page_level_css":"","site-sidebar-layout":"default","site-content-layout":"default","ast-global-header-display":"","ast-main-header-display":"","ast-hfb-above-header-display":"","ast-hfb-below-header-display":"","ast-hfb-mobile-header-display":"","site-post-title":"disabled","ast-breadcrumbs-content":"","ast-featured-img":"","footer-sml-layout":"","theme-transparent-header-meta":"","adv-header-id-meta":"","stick-header-meta":"","header-above-stick-meta":"","header-main-stick-meta":"","header-below-stick-meta":""},"uagb_featured_image_src":{"full":false,"thumbnail":false,"medium":false,"medium_large":false,"large":false,"1536x1536":false,"2048x2048":false},"uagb_author_info":{"display_name":"Ramiro GP","author_link":"https:\/\/ramirogp.com\/?author=1"},"uagb_comment_info":0,"uagb_excerpt":null,"_links":{"self":[{"href":"https:\/\/ramirogp.com\/index.php?rest_route=\/wp\/v2\/pages\/1553"}],"collection":[{"href":"https:\/\/ramirogp.com\/index.php?rest_route=\/wp\/v2\/pages"}],"about":[{"href":"https:\/\/ramirogp.com\/index.php?rest_route=\/wp\/v2\/types\/page"}],"author":[{"embeddable":true,"href":"https:\/\/ramirogp.com\/index.php?rest_route=\/wp\/v2\/users\/1"}],"replies":[{"embeddable":true,"href":"https:\/\/ramirogp.com\/index.php?rest_route=%2Fwp%2Fv2%2Fcomments&post=1553"}],"version-history":[{"count":29,"href":"https:\/\/ramirogp.com\/index.php?rest_route=\/wp\/v2\/pages\/1553\/revisions"}],"predecessor-version":[{"id":1915,"href":"https:\/\/ramirogp.com\/index.php?rest_route=\/wp\/v2\/pages\/1553\/revisions\/1915"}],"up":[{"embeddable":true,"href":"https:\/\/ramirogp.com\/index.php?rest_route=\/wp\/v2\/pages\/979"}],"wp:attachment":[{"href":"https:\/\/ramirogp.com\/index.php?rest_route=%2Fwp%2Fv2%2Fmedia&parent=1553"}],"curies":[{"name":"wp","href":"https:\/\/api.w.org\/{rel}","templated":true}]}}