{"id":1555,"date":"2022-12-18T20:47:46","date_gmt":"2022-12-18T19:47:46","guid":{"rendered":"https:\/\/ramirogp.com\/?page_id=1555"},"modified":"2022-12-22T21:20:03","modified_gmt":"2022-12-22T20:20:03","slug":"trabajos-entornos-y-modelado","status":"publish","type":"page","link":"https:\/\/ramirogp.com\/?page_id=1555","title":{"rendered":"Entornos y modelado"},"content":{"rendered":"\n<div class=\"wp-block-uagb-container uagb-block-e8bd8139 alignfull uagb-is-root-container\"><div class=\"uagb-container-inner-blocks-wrap\">\n<div class=\"wp-block-uagb-advanced-heading uagb-block-bd70bc05\"><h1 class=\"uagb-heading-text\">TRABAJOS<\/h1><\/div>\n\n\n\n<div class=\"wp-block-uagb-advanced-heading uagb-block-364d64b1\"><h1 class=\"uagb-heading-text\">Entornos y modelado<\/h1><\/div>\n<\/div><\/div>\n\n\n\n<div style=\"height:80px\" aria-hidden=\"true\" class=\"wp-block-spacer\"><\/div>\n\n\n\n<div class=\"wp-block-uagb-container uagb-block-c684493b alignfull uagb-is-root-container\"><div class=\"uagb-container-inner-blocks-wrap\">\n<div class=\"is-layout-flow wp-block-query\"><ul class=\"is-layout-flow wp-block-post-template\"><li class=\"wp-block-post post-1650 post type-post status-publish format-standard has-post-thumbnail hentry category-infografia category-modelado category-video\">\n<h2 class=\"wp-elements-6875c8260d4a1836b07210588cba3238 wp-block-post-title\"><a href=\"https:\/\/ramirogp.com\/?p=1650\" target=\"_self\" >V\u00eddeo infogr\u00e1fico de Implantaci\u00f3n EDAR<\/a><\/h2>\n\n\n<div style=\"height:20px\" aria-hidden=\"true\" class=\"wp-block-spacer\"><\/div>\n\n\n<figure class=\"alignwide wp-block-post-featured-image\"><a href=\"https:\/\/ramirogp.com\/?p=1650\" target=\"_self\" ><img width=\"1920\" height=\"1080\" src=\"https:\/\/ramirogp.com\/wp-content\/uploads\/2022\/12\/VideoBalsasMiniatura1.jpg\" class=\"attachment-post-thumbnail size-post-thumbnail wp-post-image\" alt=\"V\u00eddeo infogr\u00e1fico de Implantaci\u00f3n EDAR\" decoding=\"async\" loading=\"lazy\" srcset=\"https:\/\/ramirogp.com\/wp-content\/uploads\/2022\/12\/VideoBalsasMiniatura1.jpg 1920w, https:\/\/ramirogp.com\/wp-content\/uploads\/2022\/12\/VideoBalsasMiniatura1-300x169.jpg 300w, https:\/\/ramirogp.com\/wp-content\/uploads\/2022\/12\/VideoBalsasMiniatura1-1024x576.jpg 1024w, https:\/\/ramirogp.com\/wp-content\/uploads\/2022\/12\/VideoBalsasMiniatura1-768x432.jpg 768w, https:\/\/ramirogp.com\/wp-content\/uploads\/2022\/12\/VideoBalsasMiniatura1-1536x864.jpg 1536w\" sizes=\"(max-width: 1920px) 100vw, 1920px\" \/><\/a><\/figure>\n\n\n<div style=\"height:20px\" aria-hidden=\"true\" class=\"wp-block-spacer\"><\/div>\n\n\n<div class=\"wp-elements-684f4796d652d3c82346088d949adaa1 wp-block-post-excerpt\"><p class=\"wp-block-post-excerpt__excerpt\">V\u00eddeo del proyecto de ampliaci\u00f3n de EDAR desarrollado con Unreal Engine 5. En este trabajo, el modelo de el terreno ha sido importado desde Google Maps, tomando tanto el mapa de elevaci\u00f3n del propio terreno, como las texturas y edificios que contiene. Todo el dise\u00f1o de la implantaci\u00f3n, tanto las naves y balsas, como los &hellip;<p class=\"read-more\"> <a class=\"\" href=\"https:\/\/ramirogp.com\/?p=1650\"> <span class=\"screen-reader-text\">V\u00eddeo infogr\u00e1fico de Implantaci\u00f3n EDAR<\/span> Leer m\u00e1s &raquo;<\/a><\/p> <\/p><\/div>\n\n<div class=\"wp-block-post-date\"><time datetime=\"2022-12-11T12:30:12+01:00\">11 de diciembre de 2022<\/time><\/div>\n\n\n<div style=\"height:50px\" aria-hidden=\"true\" class=\"wp-block-spacer\"><\/div>\n\n<\/li><li class=\"wp-block-post post-1644 post type-post status-publish format-standard has-post-thumbnail hentry category-entorno category-lidar\">\n<h2 class=\"wp-elements-6875c8260d4a1836b07210588cba3238 wp-block-post-title\"><a href=\"https:\/\/ramirogp.com\/?p=1644\" target=\"_self\" >LiDAR en Unreal Engine<\/a><\/h2>\n\n\n<div style=\"height:20px\" aria-hidden=\"true\" class=\"wp-block-spacer\"><\/div>\n\n\n<figure class=\"alignwide wp-block-post-featured-image\"><a href=\"https:\/\/ramirogp.com\/?p=1644\" target=\"_self\" ><img width=\"1920\" height=\"1080\" src=\"https:\/\/ramirogp.com\/wp-content\/uploads\/2022\/12\/LiDARMini1_1.2.1.jpg\" class=\"attachment-post-thumbnail size-post-thumbnail wp-post-image\" alt=\"LiDAR en Unreal Engine\" decoding=\"async\" loading=\"lazy\" srcset=\"https:\/\/ramirogp.com\/wp-content\/uploads\/2022\/12\/LiDARMini1_1.2.1.jpg 1920w, https:\/\/ramirogp.com\/wp-content\/uploads\/2022\/12\/LiDARMini1_1.2.1-300x169.jpg 300w, https:\/\/ramirogp.com\/wp-content\/uploads\/2022\/12\/LiDARMini1_1.2.1-1024x576.jpg 1024w, https:\/\/ramirogp.com\/wp-content\/uploads\/2022\/12\/LiDARMini1_1.2.1-768x432.jpg 768w, https:\/\/ramirogp.com\/wp-content\/uploads\/2022\/12\/LiDARMini1_1.2.1-1536x864.jpg 1536w\" sizes=\"(max-width: 1920px) 100vw, 1920px\" \/><\/a><\/figure>\n\n\n<div style=\"height:20px\" aria-hidden=\"true\" class=\"wp-block-spacer\"><\/div>\n\n\n<div class=\"wp-elements-684f4796d652d3c82346088d949adaa1 wp-block-post-excerpt\"><p class=\"wp-block-post-excerpt__excerpt\">En este proyecto se ha trabajado un modelo de puntos LiDAR de un terreno, que ha sido realizado por medio del vuelo de un dron, y que ha sido importado a Unreal Engine 5 gracias a su pertinente plugin. Gracias a las bondades de Unreal, al modelo le han sido introducidos diversos detalles realistas, tales &hellip;<p class=\"read-more\"> <a class=\"\" href=\"https:\/\/ramirogp.com\/?p=1644\"> <span class=\"screen-reader-text\">LiDAR en Unreal Engine<\/span> Leer m\u00e1s &raquo;<\/a><\/p> <\/p><\/div>\n\n<div class=\"wp-block-post-date\"><time datetime=\"2022-12-10T12:25:10+01:00\">10 de diciembre de 2022<\/time><\/div>\n\n\n<div style=\"height:50px\" aria-hidden=\"true\" class=\"wp-block-spacer\"><\/div>\n\n<\/li><li class=\"wp-block-post post-1656 post type-post status-publish format-standard has-post-thumbnail hentry category-aplicacion category-entorno category-modelado\">\n<h2 class=\"wp-elements-6875c8260d4a1836b07210588cba3238 wp-block-post-title\"><a href=\"https:\/\/ramirogp.com\/?p=1656\" target=\"_self\" >Render interactivo de Planta de tratamiento de residuos urbanos<\/a><\/h2>\n\n\n<div style=\"height:20px\" aria-hidden=\"true\" class=\"wp-block-spacer\"><\/div>\n\n\n<figure class=\"alignwide wp-block-post-featured-image\"><a href=\"https:\/\/ramirogp.com\/?p=1656\" target=\"_self\" ><img width=\"1920\" height=\"1080\" src=\"https:\/\/ramirogp.com\/wp-content\/uploads\/2022\/12\/CalviaMini_1.1.1.jpg\" class=\"attachment-post-thumbnail size-post-thumbnail wp-post-image\" alt=\"Render interactivo de Planta de tratamiento de residuos urbanos\" decoding=\"async\" loading=\"lazy\" srcset=\"https:\/\/ramirogp.com\/wp-content\/uploads\/2022\/12\/CalviaMini_1.1.1.jpg 1920w, https:\/\/ramirogp.com\/wp-content\/uploads\/2022\/12\/CalviaMini_1.1.1-300x169.jpg 300w, https:\/\/ramirogp.com\/wp-content\/uploads\/2022\/12\/CalviaMini_1.1.1-1024x576.jpg 1024w, https:\/\/ramirogp.com\/wp-content\/uploads\/2022\/12\/CalviaMini_1.1.1-768x432.jpg 768w, https:\/\/ramirogp.com\/wp-content\/uploads\/2022\/12\/CalviaMini_1.1.1-1536x864.jpg 1536w\" sizes=\"(max-width: 1920px) 100vw, 1920px\" \/><\/a><\/figure>\n\n\n<div style=\"height:20px\" aria-hidden=\"true\" class=\"wp-block-spacer\"><\/div>\n\n\n<div class=\"wp-elements-684f4796d652d3c82346088d949adaa1 wp-block-post-excerpt\"><p class=\"wp-block-post-excerpt__excerpt\">Programa desarrollado en Unreal Engine 5 para Windows, en el que podemos pasearnos por las instalaciones de una Planta de tratamiento de residuos urbanos. Como podemos ver en el v\u00eddeo, se trata de un programa para pasearnos por una implantaci\u00f3n en tiempo real. Como ya he mencionado en alguna otra ocasi\u00f3n, me gustar\u00eda hablar de &hellip;<p class=\"read-more\"> <a class=\"\" href=\"https:\/\/ramirogp.com\/?p=1656\"> <span class=\"screen-reader-text\">Render interactivo de Planta de tratamiento de residuos urbanos<\/span> Leer m\u00e1s &raquo;<\/a><\/p> <\/p><\/div>\n\n<div class=\"wp-block-post-date\"><time datetime=\"2022-12-09T12:37:42+01:00\">9 de diciembre de 2022<\/time><\/div>\n\n\n<div style=\"height:50px\" aria-hidden=\"true\" class=\"wp-block-spacer\"><\/div>\n\n<\/li><li class=\"wp-block-post post-1647 post type-post status-publish format-standard has-post-thumbnail hentry category-aplicacion category-entorno category-infografia\">\n<h2 class=\"wp-elements-6875c8260d4a1836b07210588cba3238 wp-block-post-title\"><a href=\"https:\/\/ramirogp.com\/?p=1647\" target=\"_self\" >Render interactivo de muestra de equipos<\/a><\/h2>\n\n\n<div style=\"height:20px\" aria-hidden=\"true\" class=\"wp-block-spacer\"><\/div>\n\n\n<figure class=\"alignwide wp-block-post-featured-image\"><a href=\"https:\/\/ramirogp.com\/?p=1647\" target=\"_self\" ><img width=\"1920\" height=\"1080\" src=\"https:\/\/ramirogp.com\/wp-content\/uploads\/2022\/12\/EquiposMini2_1.1.1.jpg\" class=\"attachment-post-thumbnail size-post-thumbnail wp-post-image\" alt=\"Render interactivo de muestra de equipos\" decoding=\"async\" loading=\"lazy\" srcset=\"https:\/\/ramirogp.com\/wp-content\/uploads\/2022\/12\/EquiposMini2_1.1.1.jpg 1920w, https:\/\/ramirogp.com\/wp-content\/uploads\/2022\/12\/EquiposMini2_1.1.1-300x169.jpg 300w, https:\/\/ramirogp.com\/wp-content\/uploads\/2022\/12\/EquiposMini2_1.1.1-1024x576.jpg 1024w, https:\/\/ramirogp.com\/wp-content\/uploads\/2022\/12\/EquiposMini2_1.1.1-768x432.jpg 768w, https:\/\/ramirogp.com\/wp-content\/uploads\/2022\/12\/EquiposMini2_1.1.1-1536x864.jpg 1536w\" sizes=\"(max-width: 1920px) 100vw, 1920px\" \/><\/a><\/figure>\n\n\n<div style=\"height:20px\" aria-hidden=\"true\" class=\"wp-block-spacer\"><\/div>\n\n\n<div class=\"wp-elements-684f4796d652d3c82346088d949adaa1 wp-block-post-excerpt\"><p class=\"wp-block-post-excerpt__excerpt\">Programa desarrollado en Unreal Engine 5 para Windows, en el que podemos pasearnos por una muestra de equipos para el tratamiento de aguas. Como podemos ver en el v\u00eddeo, se trata de un programa para movernos por el entorno y poder observar en detalle la muestra de equipos, que en este caso, el fabricante expone. &hellip;<p class=\"read-more\"> <a class=\"\" href=\"https:\/\/ramirogp.com\/?p=1647\"> <span class=\"screen-reader-text\">Render interactivo de muestra de equipos<\/span> Leer m\u00e1s &raquo;<\/a><\/p> <\/p><\/div>\n\n<div class=\"wp-block-post-date\"><time datetime=\"2022-12-06T12:27:06+01:00\">6 de diciembre de 2022<\/time><\/div>\n\n\n<div style=\"height:50px\" aria-hidden=\"true\" class=\"wp-block-spacer\"><\/div>\n\n<\/li><li class=\"wp-block-post post-1493 post type-post status-publish format-standard has-post-thumbnail hentry category-diseno category-entorno category-modelado category-video\">\n<h2 class=\"wp-elements-6875c8260d4a1836b07210588cba3238 wp-block-post-title\"><a href=\"https:\/\/ramirogp.com\/?p=1493\" target=\"_self\" >Entorno ultrarealista<\/a><\/h2>\n\n\n<div style=\"height:20px\" aria-hidden=\"true\" class=\"wp-block-spacer\"><\/div>\n\n\n<figure class=\"alignwide wp-block-post-featured-image\"><a href=\"https:\/\/ramirogp.com\/?p=1493\" target=\"_self\" ><img width=\"2560\" height=\"1438\" src=\"https:\/\/ramirogp.com\/wp-content\/uploads\/2022\/12\/cueva1-scaled.jpg\" class=\"attachment-post-thumbnail size-post-thumbnail wp-post-image\" alt=\"Entorno ultrarealista\" decoding=\"async\" loading=\"lazy\" srcset=\"https:\/\/ramirogp.com\/wp-content\/uploads\/2022\/12\/cueva1-scaled.jpg 2560w, https:\/\/ramirogp.com\/wp-content\/uploads\/2022\/12\/cueva1-300x169.jpg 300w, https:\/\/ramirogp.com\/wp-content\/uploads\/2022\/12\/cueva1-1024x575.jpg 1024w, https:\/\/ramirogp.com\/wp-content\/uploads\/2022\/12\/cueva1-768x431.jpg 768w, https:\/\/ramirogp.com\/wp-content\/uploads\/2022\/12\/cueva1-1536x863.jpg 1536w, https:\/\/ramirogp.com\/wp-content\/uploads\/2022\/12\/cueva1-2048x1150.jpg 2048w\" sizes=\"(max-width: 2560px) 100vw, 2560px\" \/><\/a><\/figure>\n\n\n<div style=\"height:20px\" aria-hidden=\"true\" class=\"wp-block-spacer\"><\/div>\n\n\n<div class=\"wp-elements-684f4796d652d3c82346088d949adaa1 wp-block-post-excerpt\"><p class=\"wp-block-post-excerpt__excerpt\">Entorno desarrollado en Unreal Engine 5 intentando sacar todo su potencial. He utilizado: El v\u00eddeo ha sido editado con DaVinci Resolve. <\/p><\/div>\n\n<div class=\"wp-block-post-date\"><time datetime=\"2022-12-05T17:13:49+01:00\">5 de diciembre de 2022<\/time><\/div>\n\n\n<div style=\"height:50px\" aria-hidden=\"true\" class=\"wp-block-spacer\"><\/div>\n\n<\/li><li class=\"wp-block-post post-1653 post type-post status-publish format-standard has-post-thumbnail hentry category-aplicacion category-diseno category-entorno\">\n<h2 class=\"wp-elements-6875c8260d4a1836b07210588cba3238 wp-block-post-title\"><a href=\"https:\/\/ramirogp.com\/?p=1653\" target=\"_self\" >Cinta encontrada 12\/05\/95<\/a><\/h2>\n\n\n<div style=\"height:20px\" aria-hidden=\"true\" class=\"wp-block-spacer\"><\/div>\n\n\n<figure class=\"alignwide wp-block-post-featured-image\"><a href=\"https:\/\/ramirogp.com\/?p=1653\" target=\"_self\" ><img width=\"1920\" height=\"1080\" src=\"https:\/\/ramirogp.com\/wp-content\/uploads\/2022\/12\/PoolroomsMini2_1.1.2.jpg\" class=\"attachment-post-thumbnail size-post-thumbnail wp-post-image\" alt=\"Cinta encontrada 12\/05\/95\" decoding=\"async\" loading=\"lazy\" srcset=\"https:\/\/ramirogp.com\/wp-content\/uploads\/2022\/12\/PoolroomsMini2_1.1.2.jpg 1920w, https:\/\/ramirogp.com\/wp-content\/uploads\/2022\/12\/PoolroomsMini2_1.1.2-300x169.jpg 300w, https:\/\/ramirogp.com\/wp-content\/uploads\/2022\/12\/PoolroomsMini2_1.1.2-1024x576.jpg 1024w, https:\/\/ramirogp.com\/wp-content\/uploads\/2022\/12\/PoolroomsMini2_1.1.2-768x432.jpg 768w, https:\/\/ramirogp.com\/wp-content\/uploads\/2022\/12\/PoolroomsMini2_1.1.2-1536x864.jpg 1536w\" sizes=\"(max-width: 1920px) 100vw, 1920px\" \/><\/a><\/figure>\n\n\n<div style=\"height:20px\" aria-hidden=\"true\" class=\"wp-block-spacer\"><\/div>\n\n\n<div class=\"wp-elements-684f4796d652d3c82346088d949adaa1 wp-block-post-excerpt\"><p class=\"wp-block-post-excerpt__excerpt\">Cinta de v\u00eddeo encontrada el 12 de mayo de 1995. No sabemos qu\u00e9 sitio es el que se muestra ni cu\u00e1ndo se grab\u00f3. Lo \u00fanico que sabemos es que en la cinta pon\u00eda \u00abExplorer N\u00ba5\u00bb. <\/p><\/div>\n\n<div class=\"wp-block-post-date\"><time datetime=\"2022-12-04T12:32:21+01:00\">4 de diciembre de 2022<\/time><\/div>\n\n\n<div style=\"height:50px\" aria-hidden=\"true\" class=\"wp-block-spacer\"><\/div>\n\n<\/li><\/ul><\/div>\n<\/div><\/div>\n\n\n\n<div style=\"height:100px\" aria-hidden=\"true\" class=\"wp-block-spacer\"><\/div>\n","protected":false},"excerpt":{"rendered":"","protected":false},"author":1,"featured_media":0,"parent":979,"menu_order":3,"comment_status":"closed","ping_status":"closed","template":"","meta":{"_uag_custom_page_level_css":"","site-sidebar-layout":"default","site-content-layout":"default","ast-global-header-display":"","ast-main-header-display":"","ast-hfb-above-header-display":"","ast-hfb-below-header-display":"","ast-hfb-mobile-header-display":"","site-post-title":"disabled","ast-breadcrumbs-content":"","ast-featured-img":"","footer-sml-layout":"","theme-transparent-header-meta":"","adv-header-id-meta":"","stick-header-meta":"","header-above-stick-meta":"","header-main-stick-meta":"","header-below-stick-meta":""},"uagb_featured_image_src":{"full":false,"thumbnail":false,"medium":false,"medium_large":false,"large":false,"1536x1536":false,"2048x2048":false},"uagb_author_info":{"display_name":"Ramiro GP","author_link":"https:\/\/ramirogp.com\/?author=1"},"uagb_comment_info":0,"uagb_excerpt":null,"_links":{"self":[{"href":"https:\/\/ramirogp.com\/index.php?rest_route=\/wp\/v2\/pages\/1555"}],"collection":[{"href":"https:\/\/ramirogp.com\/index.php?rest_route=\/wp\/v2\/pages"}],"about":[{"href":"https:\/\/ramirogp.com\/index.php?rest_route=\/wp\/v2\/types\/page"}],"author":[{"embeddable":true,"href":"https:\/\/ramirogp.com\/index.php?rest_route=\/wp\/v2\/users\/1"}],"replies":[{"embeddable":true,"href":"https:\/\/ramirogp.com\/index.php?rest_route=%2Fwp%2Fv2%2Fcomments&post=1555"}],"version-history":[{"count":10,"href":"https:\/\/ramirogp.com\/index.php?rest_route=\/wp\/v2\/pages\/1555\/revisions"}],"predecessor-version":[{"id":1919,"href":"https:\/\/ramirogp.com\/index.php?rest_route=\/wp\/v2\/pages\/1555\/revisions\/1919"}],"up":[{"embeddable":true,"href":"https:\/\/ramirogp.com\/index.php?rest_route=\/wp\/v2\/pages\/979"}],"wp:attachment":[{"href":"https:\/\/ramirogp.com\/index.php?rest_route=%2Fwp%2Fv2%2Fmedia&parent=1555"}],"curies":[{"name":"wp","href":"https:\/\/api.w.org\/{rel}","templated":true}]}}