{"id":1557,"date":"2022-12-16T20:48:05","date_gmt":"2022-12-16T19:48:05","guid":{"rendered":"https:\/\/ramirogp.com\/?page_id=1557"},"modified":"2022-12-22T21:23:05","modified_gmt":"2022-12-22T20:23:05","slug":"trabajos-diseno-audiovisual","status":"publish","type":"page","link":"https:\/\/ramirogp.com\/?page_id=1557","title":{"rendered":"Dise\u00f1o audiovisual"},"content":{"rendered":"\n<div class=\"wp-block-uagb-container uagb-block-2cf5bf7d alignfull uagb-is-root-container\"><div class=\"uagb-container-inner-blocks-wrap\">\n<div class=\"wp-block-uagb-advanced-heading uagb-block-c042f4b3\"><h1 class=\"uagb-heading-text\">TRABAJOS<\/h1><\/div>\n\n\n\n<div class=\"wp-block-uagb-advanced-heading uagb-block-3cbe3a44\"><h1 class=\"uagb-heading-text\">Dise\u00f1o audiovisual<\/h1><\/div>\n<\/div><\/div>\n\n\n\n<div style=\"height:80px\" aria-hidden=\"true\" class=\"wp-block-spacer\"><\/div>\n\n\n\n<div class=\"wp-block-uagb-container uagb-block-bb4e6ed1 alignfull uagb-is-root-container\"><div class=\"uagb-container-inner-blocks-wrap\">\n<div class=\"is-layout-flow wp-block-query\"><ul class=\"is-layout-flow wp-block-post-template\"><li class=\"wp-block-post post-1650 post type-post status-publish format-standard has-post-thumbnail hentry category-infografia category-modelado category-video\">\n<h2 class=\"wp-elements-6875c8260d4a1836b07210588cba3238 wp-block-post-title\"><a href=\"https:\/\/ramirogp.com\/?p=1650\" target=\"_self\" >V\u00eddeo infogr\u00e1fico de Implantaci\u00f3n EDAR<\/a><\/h2>\n\n\n<div style=\"height:20px\" aria-hidden=\"true\" class=\"wp-block-spacer\"><\/div>\n\n\n<figure class=\"alignwide wp-block-post-featured-image\"><a href=\"https:\/\/ramirogp.com\/?p=1650\" target=\"_self\" ><img width=\"1920\" height=\"1080\" src=\"https:\/\/ramirogp.com\/wp-content\/uploads\/2022\/12\/VideoBalsasMiniatura1.jpg\" class=\"attachment-post-thumbnail size-post-thumbnail wp-post-image\" alt=\"V\u00eddeo infogr\u00e1fico de Implantaci\u00f3n EDAR\" decoding=\"async\" loading=\"lazy\" srcset=\"https:\/\/ramirogp.com\/wp-content\/uploads\/2022\/12\/VideoBalsasMiniatura1.jpg 1920w, https:\/\/ramirogp.com\/wp-content\/uploads\/2022\/12\/VideoBalsasMiniatura1-300x169.jpg 300w, https:\/\/ramirogp.com\/wp-content\/uploads\/2022\/12\/VideoBalsasMiniatura1-1024x576.jpg 1024w, https:\/\/ramirogp.com\/wp-content\/uploads\/2022\/12\/VideoBalsasMiniatura1-768x432.jpg 768w, https:\/\/ramirogp.com\/wp-content\/uploads\/2022\/12\/VideoBalsasMiniatura1-1536x864.jpg 1536w\" sizes=\"(max-width: 1920px) 100vw, 1920px\" \/><\/a><\/figure>\n\n\n<div style=\"height:20px\" aria-hidden=\"true\" class=\"wp-block-spacer\"><\/div>\n\n\n<div class=\"wp-elements-684f4796d652d3c82346088d949adaa1 wp-block-post-excerpt\"><p class=\"wp-block-post-excerpt__excerpt\">V\u00eddeo del proyecto de ampliaci\u00f3n de EDAR desarrollado con Unreal Engine 5. En este trabajo, el modelo de el terreno ha sido importado desde Google Maps, tomando tanto el mapa de elevaci\u00f3n del propio terreno, como las texturas y edificios que contiene. Todo el dise\u00f1o de la implantaci\u00f3n, tanto las naves y balsas, como los &hellip;<p class=\"read-more\"> <a class=\"\" href=\"https:\/\/ramirogp.com\/?p=1650\"> <span class=\"screen-reader-text\">V\u00eddeo infogr\u00e1fico de Implantaci\u00f3n EDAR<\/span> Leer m\u00e1s &raquo;<\/a><\/p> <\/p><\/div>\n\n<div class=\"wp-block-post-date\"><time datetime=\"2022-12-11T12:30:12+01:00\">11 de diciembre de 2022<\/time><\/div>\n\n\n<div style=\"height:50px\" aria-hidden=\"true\" class=\"wp-block-spacer\"><\/div>\n\n<\/li><li class=\"wp-block-post post-1493 post type-post status-publish format-standard has-post-thumbnail hentry category-diseno category-entorno category-modelado category-video\">\n<h2 class=\"wp-elements-6875c8260d4a1836b07210588cba3238 wp-block-post-title\"><a href=\"https:\/\/ramirogp.com\/?p=1493\" target=\"_self\" >Entorno ultrarealista<\/a><\/h2>\n\n\n<div style=\"height:20px\" aria-hidden=\"true\" class=\"wp-block-spacer\"><\/div>\n\n\n<figure class=\"alignwide wp-block-post-featured-image\"><a href=\"https:\/\/ramirogp.com\/?p=1493\" target=\"_self\" ><img width=\"2560\" height=\"1438\" src=\"https:\/\/ramirogp.com\/wp-content\/uploads\/2022\/12\/cueva1-scaled.jpg\" class=\"attachment-post-thumbnail size-post-thumbnail wp-post-image\" alt=\"Entorno ultrarealista\" decoding=\"async\" loading=\"lazy\" srcset=\"https:\/\/ramirogp.com\/wp-content\/uploads\/2022\/12\/cueva1-scaled.jpg 2560w, https:\/\/ramirogp.com\/wp-content\/uploads\/2022\/12\/cueva1-300x169.jpg 300w, https:\/\/ramirogp.com\/wp-content\/uploads\/2022\/12\/cueva1-1024x575.jpg 1024w, https:\/\/ramirogp.com\/wp-content\/uploads\/2022\/12\/cueva1-768x431.jpg 768w, https:\/\/ramirogp.com\/wp-content\/uploads\/2022\/12\/cueva1-1536x863.jpg 1536w, https:\/\/ramirogp.com\/wp-content\/uploads\/2022\/12\/cueva1-2048x1150.jpg 2048w\" sizes=\"(max-width: 2560px) 100vw, 2560px\" \/><\/a><\/figure>\n\n\n<div style=\"height:20px\" aria-hidden=\"true\" class=\"wp-block-spacer\"><\/div>\n\n\n<div class=\"wp-elements-684f4796d652d3c82346088d949adaa1 wp-block-post-excerpt\"><p class=\"wp-block-post-excerpt__excerpt\">Entorno desarrollado en Unreal Engine 5 intentando sacar todo su potencial. He utilizado: El v\u00eddeo ha sido editado con DaVinci Resolve. <\/p><\/div>\n\n<div class=\"wp-block-post-date\"><time datetime=\"2022-12-05T17:13:49+01:00\">5 de diciembre de 2022<\/time><\/div>\n\n\n<div style=\"height:50px\" aria-hidden=\"true\" class=\"wp-block-spacer\"><\/div>\n\n<\/li><li class=\"wp-block-post post-1653 post type-post status-publish format-standard has-post-thumbnail hentry category-aplicacion category-diseno category-entorno\">\n<h2 class=\"wp-elements-6875c8260d4a1836b07210588cba3238 wp-block-post-title\"><a href=\"https:\/\/ramirogp.com\/?p=1653\" target=\"_self\" >Cinta encontrada 12\/05\/95<\/a><\/h2>\n\n\n<div style=\"height:20px\" aria-hidden=\"true\" class=\"wp-block-spacer\"><\/div>\n\n\n<figure class=\"alignwide wp-block-post-featured-image\"><a href=\"https:\/\/ramirogp.com\/?p=1653\" target=\"_self\" ><img width=\"1920\" height=\"1080\" src=\"https:\/\/ramirogp.com\/wp-content\/uploads\/2022\/12\/PoolroomsMini2_1.1.2.jpg\" class=\"attachment-post-thumbnail size-post-thumbnail wp-post-image\" alt=\"Cinta encontrada 12\/05\/95\" decoding=\"async\" loading=\"lazy\" srcset=\"https:\/\/ramirogp.com\/wp-content\/uploads\/2022\/12\/PoolroomsMini2_1.1.2.jpg 1920w, https:\/\/ramirogp.com\/wp-content\/uploads\/2022\/12\/PoolroomsMini2_1.1.2-300x169.jpg 300w, https:\/\/ramirogp.com\/wp-content\/uploads\/2022\/12\/PoolroomsMini2_1.1.2-1024x576.jpg 1024w, https:\/\/ramirogp.com\/wp-content\/uploads\/2022\/12\/PoolroomsMini2_1.1.2-768x432.jpg 768w, https:\/\/ramirogp.com\/wp-content\/uploads\/2022\/12\/PoolroomsMini2_1.1.2-1536x864.jpg 1536w\" sizes=\"(max-width: 1920px) 100vw, 1920px\" \/><\/a><\/figure>\n\n\n<div style=\"height:20px\" aria-hidden=\"true\" class=\"wp-block-spacer\"><\/div>\n\n\n<div class=\"wp-elements-684f4796d652d3c82346088d949adaa1 wp-block-post-excerpt\"><p class=\"wp-block-post-excerpt__excerpt\">Cinta de v\u00eddeo encontrada el 12 de mayo de 1995. No sabemos qu\u00e9 sitio es el que se muestra ni cu\u00e1ndo se grab\u00f3. Lo \u00fanico que sabemos es que en la cinta pon\u00eda \u00abExplorer N\u00ba5\u00bb. <\/p><\/div>\n\n<div class=\"wp-block-post-date\"><time datetime=\"2022-12-04T12:32:21+01:00\">4 de diciembre de 2022<\/time><\/div>\n\n\n<div style=\"height:50px\" aria-hidden=\"true\" class=\"wp-block-spacer\"><\/div>\n\n<\/li><li class=\"wp-block-post post-1288 post type-post status-publish format-standard has-post-thumbnail hentry category-ia\">\n<h2 class=\"wp-elements-6875c8260d4a1836b07210588cba3238 wp-block-post-title\"><a href=\"https:\/\/ramirogp.com\/?p=1288\" target=\"_self\" >Entrenamiento en Stable Diffusion<\/a><\/h2>\n\n\n<div style=\"height:20px\" aria-hidden=\"true\" class=\"wp-block-spacer\"><\/div>\n\n\n<figure class=\"alignwide wp-block-post-featured-image\"><a href=\"https:\/\/ramirogp.com\/?p=1288\" target=\"_self\" ><img width=\"2560\" height=\"427\" src=\"https:\/\/ramirogp.com\/wp-content\/uploads\/2022\/12\/IAImagenLonga-scaled.jpg\" class=\"attachment-post-thumbnail size-post-thumbnail wp-post-image\" alt=\"Entrenamiento en Stable Diffusion\" decoding=\"async\" loading=\"lazy\" srcset=\"https:\/\/ramirogp.com\/wp-content\/uploads\/2022\/12\/IAImagenLonga-scaled.jpg 2560w, https:\/\/ramirogp.com\/wp-content\/uploads\/2022\/12\/IAImagenLonga-300x50.jpg 300w, https:\/\/ramirogp.com\/wp-content\/uploads\/2022\/12\/IAImagenLonga-1024x171.jpg 1024w, https:\/\/ramirogp.com\/wp-content\/uploads\/2022\/12\/IAImagenLonga-768x128.jpg 768w, https:\/\/ramirogp.com\/wp-content\/uploads\/2022\/12\/IAImagenLonga-1536x256.jpg 1536w, https:\/\/ramirogp.com\/wp-content\/uploads\/2022\/12\/IAImagenLonga-2048x341.jpg 2048w\" sizes=\"(max-width: 2560px) 100vw, 2560px\" \/><\/a><\/figure>\n\n\n<div style=\"height:20px\" aria-hidden=\"true\" class=\"wp-block-spacer\"><\/div>\n\n\n<div class=\"wp-elements-684f4796d652d3c82346088d949adaa1 wp-block-post-excerpt\"><p class=\"wp-block-post-excerpt__excerpt\">En este caso, he entrenado a la IA Stable Diffusion con fotos m\u00edas y de mi pareja, para que tenga un modelo de cada uno de nosotros, y para que, mediante las indicaciones adecuadas, pueda crear diversas obras de nosotros mismos con diversos estilos art\u00edsticos. <\/p><\/div>\n\n<div class=\"wp-block-post-date\"><time datetime=\"2022-12-03T23:49:06+01:00\">3 de diciembre de 2022<\/time><\/div>\n\n\n<div style=\"height:50px\" aria-hidden=\"true\" class=\"wp-block-spacer\"><\/div>\n\n<\/li><li class=\"wp-block-post post-1490 post type-post status-publish format-standard has-post-thumbnail hentry category-diseno category-ia\">\n<h2 class=\"wp-elements-6875c8260d4a1836b07210588cba3238 wp-block-post-title\"><a href=\"https:\/\/ramirogp.com\/?p=1490\" target=\"_self\" >Paisajes urbanos en Stable Diffusion<\/a><\/h2>\n\n\n<div style=\"height:20px\" aria-hidden=\"true\" class=\"wp-block-spacer\"><\/div>\n\n\n<figure class=\"alignwide wp-block-post-featured-image\"><a href=\"https:\/\/ramirogp.com\/?p=1490\" target=\"_self\" ><img width=\"2560\" height=\"1920\" src=\"https:\/\/ramirogp.com\/wp-content\/uploads\/2022\/12\/2014061-scaled.jpg\" class=\"attachment-post-thumbnail size-post-thumbnail wp-post-image\" alt=\"Paisajes urbanos en Stable Diffusion\" decoding=\"async\" loading=\"lazy\" srcset=\"https:\/\/ramirogp.com\/wp-content\/uploads\/2022\/12\/2014061-scaled.jpg 2560w, https:\/\/ramirogp.com\/wp-content\/uploads\/2022\/12\/2014061-300x225.jpg 300w, https:\/\/ramirogp.com\/wp-content\/uploads\/2022\/12\/2014061-1024x768.jpg 1024w, https:\/\/ramirogp.com\/wp-content\/uploads\/2022\/12\/2014061-768x576.jpg 768w, https:\/\/ramirogp.com\/wp-content\/uploads\/2022\/12\/2014061-1536x1152.jpg 1536w, https:\/\/ramirogp.com\/wp-content\/uploads\/2022\/12\/2014061-2048x1536.jpg 2048w\" sizes=\"(max-width: 2560px) 100vw, 2560px\" \/><\/a><\/figure>\n\n\n<div style=\"height:20px\" aria-hidden=\"true\" class=\"wp-block-spacer\"><\/div>\n\n\n<div class=\"wp-elements-684f4796d652d3c82346088d949adaa1 wp-block-post-excerpt\"><p class=\"wp-block-post-excerpt__excerpt\">Gracias a la Inteligencia Artifial Stable Diffusion se pueden crear paisajes urbanos como los que pongo a continuaci\u00f3n. Han sido creados introduciendo diferentes \u00abprompts\u00bb, que son las indicaciones que toma la IA para crear las obras. <\/p><\/div>\n\n<div class=\"wp-block-post-date\"><time datetime=\"2022-12-01T17:07:49+01:00\">1 de diciembre de 2022<\/time><\/div>\n\n\n<div style=\"height:50px\" aria-hidden=\"true\" class=\"wp-block-spacer\"><\/div>\n\n<\/li><\/ul><\/div>\n<\/div><\/div>\n\n\n\n<div style=\"height:100px\" aria-hidden=\"true\" class=\"wp-block-spacer\"><\/div>\n","protected":false},"excerpt":{"rendered":"","protected":false},"author":1,"featured_media":0,"parent":979,"menu_order":6,"comment_status":"closed","ping_status":"closed","template":"","meta":{"_uag_custom_page_level_css":"","site-sidebar-layout":"default","site-content-layout":"default","ast-global-header-display":"","ast-main-header-display":"","ast-hfb-above-header-display":"","ast-hfb-below-header-display":"","ast-hfb-mobile-header-display":"","site-post-title":"disabled","ast-breadcrumbs-content":"","ast-featured-img":"","footer-sml-layout":"","theme-transparent-header-meta":"","adv-header-id-meta":"","stick-header-meta":"","header-above-stick-meta":"","header-main-stick-meta":"","header-below-stick-meta":""},"uagb_featured_image_src":{"full":false,"thumbnail":false,"medium":false,"medium_large":false,"large":false,"1536x1536":false,"2048x2048":false},"uagb_author_info":{"display_name":"Ramiro GP","author_link":"https:\/\/ramirogp.com\/?author=1"},"uagb_comment_info":0,"uagb_excerpt":null,"_links":{"self":[{"href":"https:\/\/ramirogp.com\/index.php?rest_route=\/wp\/v2\/pages\/1557"}],"collection":[{"href":"https:\/\/ramirogp.com\/index.php?rest_route=\/wp\/v2\/pages"}],"about":[{"href":"https:\/\/ramirogp.com\/index.php?rest_route=\/wp\/v2\/types\/page"}],"author":[{"embeddable":true,"href":"https:\/\/ramirogp.com\/index.php?rest_route=\/wp\/v2\/users\/1"}],"replies":[{"embeddable":true,"href":"https:\/\/ramirogp.com\/index.php?rest_route=%2Fwp%2Fv2%2Fcomments&post=1557"}],"version-history":[{"count":8,"href":"https:\/\/ramirogp.com\/index.php?rest_route=\/wp\/v2\/pages\/1557\/revisions"}],"predecessor-version":[{"id":1923,"href":"https:\/\/ramirogp.com\/index.php?rest_route=\/wp\/v2\/pages\/1557\/revisions\/1923"}],"up":[{"embeddable":true,"href":"https:\/\/ramirogp.com\/index.php?rest_route=\/wp\/v2\/pages\/979"}],"wp:attachment":[{"href":"https:\/\/ramirogp.com\/index.php?rest_route=%2Fwp%2Fv2%2Fmedia&parent=1557"}],"curies":[{"name":"wp","href":"https:\/\/api.w.org\/{rel}","templated":true}]}}